{"id":683,"date":"2018-07-25T15:06:14","date_gmt":"2018-07-25T18:06:14","guid":{"rendered":"https:\/\/isjpp-slu.infd.edu.ar\/sitio\/?page_id=683"},"modified":"2020-10-28T20:32:04","modified_gmt":"2020-10-28T23:32:04","slug":"institucional","status":"publish","type":"page","link":"https:\/\/isjpp-slu.infd.edu.ar\/sitio\/institucional\/","title":{"rendered":"El Instituto"},"content":{"rendered":"<div id=\"metaslider-id-977\" style=\"width: 100%; margin: 0 auto;\" class=\"ml-slider-3-33-0 metaslider metaslider-flex metaslider-977 ml-slider ms-theme-default\" role=\"region\" aria-roledescription=\"Slideshow\" aria-label=\"Slideshow\">\n    <div id=\"metaslider_container_977\">\n        <div id=\"metaslider_977\" class=\"flexslider\">\n            <ul aria-live=\"polite\" class=\"slides\">\n                <li style=\"display: block; width: 100%;\" class=\"slide-990 ms-image\" aria-roledescription=\"slide\" aria-label=\"slide-990\"><a href=\"https:\/\/isjpp-slu.infd.edu.ar\/sitio\/catalogo\/\" target=\"_self\"><img src=\"https:\/\/isjpp-slu.infd.edu.ar\/sitio\/wp-content\/uploads\/2020\/10\/Banner-Inscripcion.png\" height=\"200\" width=\"1100\" alt=\"\" class=\"slider-977 slide-990\" title=\"Banner - Inscripcion\" \/><\/a><\/li>\n                <li style=\"display: none; width: 100%;\" class=\"slide-986 ms-image\" aria-roledescription=\"slide\" aria-label=\"slide-986\"><img src=\"https:\/\/isjpp-slu.infd.edu.ar\/sitio\/wp-content\/uploads\/2020\/10\/Banner-Imagen-1.png\" height=\"200\" width=\"1100\" alt=\"\" class=\"slider-977 slide-986\" title=\"Banner - Imagen 1\" \/><\/li>\n                <li style=\"display: none; width: 100%;\" class=\"slide-993 ms-image\" aria-roledescription=\"slide\" aria-label=\"slide-993\"><a href=\"https:\/\/isjpp-slu.infd.edu.ar\/sitio\/catalogo\/tecnicatura-en-periodismo-deportivo\/\" target=\"_self\"><img src=\"https:\/\/isjpp-slu.infd.edu.ar\/sitio\/wp-content\/uploads\/2020\/10\/Banner-Tecnicatura.png\" height=\"200\" width=\"1100\" alt=\"\" class=\"slider-977 slide-993\" title=\"Banner - Tecnicatura\" \/><\/a><\/li>\n                <li style=\"display: none; width: 100%;\" class=\"slide-987 ms-image\" aria-roledescription=\"slide\" aria-label=\"slide-987\"><img src=\"https:\/\/isjpp-slu.infd.edu.ar\/sitio\/wp-content\/uploads\/2020\/10\/Banner-Imagen-2.png\" height=\"200\" width=\"1100\" alt=\"\" class=\"slider-977 slide-987\" title=\"Banner - Imagen 2\" \/><\/li>\n                <li style=\"display: none; width: 100%;\" class=\"slide-992 ms-image\" aria-roledescription=\"slide\" aria-label=\"slide-992\"><a href=\"https:\/\/isjpp-slu.infd.edu.ar\/sitio\/catalogo\/profesorado-en-educacion-fisica\/\" target=\"_self\"><img src=\"https:\/\/isjpp-slu.infd.edu.ar\/sitio\/wp-content\/uploads\/2020\/10\/Banner-Profesorado.png\" height=\"200\" width=\"1100\" alt=\"\" class=\"slider-977 slide-992\" title=\"Banner - Profesorado\" \/><\/a><\/li>\n                <li style=\"display: none; width: 100%;\" class=\"slide-988 ms-image\" aria-roledescription=\"slide\" aria-label=\"slide-988\"><img src=\"https:\/\/isjpp-slu.infd.edu.ar\/sitio\/wp-content\/uploads\/2020\/10\/Banner-Imagen-3.png\" height=\"200\" width=\"1100\" alt=\"\" class=\"slider-977 slide-988\" title=\"Banner - Imagen 3\" \/><\/li>\n                <li style=\"display: none; width: 100%;\" class=\"slide-991 ms-image\" aria-roledescription=\"slide\" aria-label=\"slide-991\"><a href=\"https:\/\/isjpp-slu.infd.edu.ar\/sitio\/catalogo\/lic-en-educacion-fisica\/\" target=\"_self\"><img src=\"https:\/\/isjpp-slu.infd.edu.ar\/sitio\/wp-content\/uploads\/2020\/10\/Banner-Licenciatura.png\" height=\"200\" width=\"1100\" alt=\"\" class=\"slider-977 slide-991\" title=\"Banner - Licenciatura\" \/><\/a><\/li>\n                <li style=\"display: none; width: 100%;\" class=\"slide-989 ms-image\" aria-roledescription=\"slide\" aria-label=\"slide-989\"><img src=\"https:\/\/isjpp-slu.infd.edu.ar\/sitio\/wp-content\/uploads\/2020\/10\/Banner-Imagen-4.png\" height=\"200\" width=\"1100\" alt=\"\" class=\"slider-977 slide-989\" title=\"Banner - Imagen 4\" \/><\/li>\n            <\/ul>\n        <\/div>\n        \n    <\/div>\n<\/div>\n<h1 style=\"text-align: center;\"><strong>IFDC Juan Pascual Pringles<\/strong><\/h1>\n<div  class=\"lgc-column lgc-grid-parent lgc-grid-90 lgc-tablet-grid-50 lgc-mobile-grid-100 lgc-equal-heights \"><div  class=\"inside-grid-column\">\n<p>En el Instituto<strong>\u00a0Juan Pascual Pringles<\/strong>\u00a0contamos con m\u00e1s de 15 a\u00f1os de trayectoria en el sector de la Educaci\u00f3n Superior. Contamos con un plantel de profesores reconocidos en el \u00e1mbito educativo, deportivo, deportivo de alto rendimiento, como as\u00ed tambi\u00e9n, en el \u00e1mbito period\u00edstico gr\u00e1fico, radial, televisivo y digital.<\/p>\n<p>Nuestro trabajo est\u00e1 dirigido a la poblaci\u00f3n de potenciales estudiantes del nivel superior (mayores de 17 a\u00f1os). Ofrecemos la informaci\u00f3n necesaria relacionada con el trabajo que realizamos<\/p>\n<p>En\u00a0<strong>Instituto Juan Pascual Pringles<\/strong>\u00a0estamos comprometidos con todos los estudiantes, por esta raz\u00f3n, ofrecemos atenci\u00f3n personalizada; gracias a esto, recomiendan nuestro\u00a0<strong>centro de educaci\u00f3n superior<\/strong>\u00a0en\u00a0<strong>San Luis<\/strong>.<\/p>\n<p>Contamos con los programas de\u00a0<strong>Tecnicatura en Periodismo Deportivo<\/strong>\u00a0y\u00a0<strong>Profesorado de Educaci\u00f3n F\u00edsica<\/strong>. . Lo esperamos<\/p>\n<p><\/p><\/div><\/div>\n","protected":false},"excerpt":{"rendered":"<p>IFDC Juan Pascual Pringles<\/p>\n","protected":false},"author":6,"featured_media":0,"parent":0,"menu_order":0,"comment_status":"closed","ping_status":"closed","template":"","meta":[],"acf":[],"_links":{"self":[{"href":"https:\/\/isjpp-slu.infd.edu.ar\/sitio\/wp-json\/wp\/v2\/pages\/683"}],"collection":[{"href":"https:\/\/isjpp-slu.infd.edu.ar\/sitio\/wp-json\/wp\/v2\/pages"}],"about":[{"href":"https:\/\/isjpp-slu.infd.edu.ar\/sitio\/wp-json\/wp\/v2\/types\/page"}],"author":[{"embeddable":true,"href":"https:\/\/isjpp-slu.infd.edu.ar\/sitio\/wp-json\/wp\/v2\/users\/6"}],"replies":[{"embeddable":true,"href":"https:\/\/isjpp-slu.infd.edu.ar\/sitio\/wp-json\/wp\/v2\/comments?post=683"}],"version-history":[{"count":9,"href":"https:\/\/isjpp-slu.infd.edu.ar\/sitio\/wp-json\/wp\/v2\/pages\/683\/revisions"}],"predecessor-version":[{"id":1008,"href":"https:\/\/isjpp-slu.infd.edu.ar\/sitio\/wp-json\/wp\/v2\/pages\/683\/revisions\/1008"}],"wp:attachment":[{"href":"https:\/\/isjpp-slu.infd.edu.ar\/sitio\/wp-json\/wp\/v2\/media?parent=683"}],"curies":[{"name":"wp","href":"https:\/\/api.w.org\/{rel}","templated":true}]}}