{"id":819,"date":"2020-08-13T13:20:26","date_gmt":"2020-08-13T16:20:26","guid":{"rendered":"https:\/\/isjpp-slu.infd.edu.ar\/sitio\/?page_id=819"},"modified":"2021-02-19T12:05:58","modified_gmt":"2021-02-19T15:05:58","slug":"extension","status":"publish","type":"page","link":"https:\/\/isjpp-slu.infd.edu.ar\/sitio\/extension\/","title":{"rendered":"Direcci\u00f3n de Extensi\u00f3n"},"content":{"rendered":"<h1 style=\"text-align: center;\">DIRECCI\u00d3N DE EXTENSI\u00d3N Y FORMACI\u00d3N DOCENTE<\/h1>\n<p>&nbsp;<\/p>\n<div class=\"directivos\" style=\"display: flex; flex-direction: row; flex-wrap: wrap; align-items: center; width: 100%;\">\n<div class=\"contenedor-prof\" style=\"margin: 10px; width: 45%; height: 152px; 10px; display: flex; flex-direction: row; flex-wrap: nowrap; align-items: center; line-height: opx;\">\n<div class=\"cara-prof\"><img decoding=\"async\" loading=\"lazy\" class=\"alignnone\" style=\"align: center;\" src=\"https:\/\/isjpp-slu.infd.edu.ar\/sitio\/wp-content\/uploads\/2021\/02\/Lic-Fernando-web.png\" alt=\"\" width=\"152\" height=\"152\" \/><\/div>\n<div class=\"data-prof\" style=\"width: 300px; margin-left: 15px; text-align: left;\">\n<div class=\"titulo\">\n<p style=\"margin-bottom: 0.1px; line-height: opx; align-items: center;\"><strong>DIRECCI\u00d3N EXTENSI\u00d3N<\/strong><br \/>\n<strong>Lic. Fernando Flores Villegas<\/strong><\/p>\n<p style=\"font-size: 16px;\">Lic. en Ciencias de la educaci\u00f3n.<\/p>\n<\/div>\n<\/div>\n<\/div>\n<p>La direcci\u00f3n extensi\u00f3n y formaci\u00f3n docente es una de las tres funciones misionales del <strong>Instituto Juan pascual Pringles<\/strong>, junto con la formaci\u00f3n y la investigaci\u00f3n. Seg\u00fan la norma reglamentaria, \u201cla extensi\u00f3n es una funci\u00f3n misional y sustantiva de la instituci\u00f3n, a trav\u00e9s de la cual se establece una interacci\u00f3n privilegiada y rec\u00edproca entre el conocimiento sistem\u00e1tico de la academia y los saberes y necesidades de la sociedad\u201d.<\/p>\n<p>La misi\u00f3n de la extensi\u00f3n universitaria es, entonces, asesorar desde el conocimiento a su instituci\u00f3n y a la comunidad, a trav\u00e9s de:<\/p>\n<ul>\n<li>Organizar las actividades de extensi\u00f3n a la comunidad.<\/li>\n<li>Relevar las demandas de formaci\u00f3n o capacitaci\u00f3n de la comunidad.<\/li>\n<li>Dise\u00f1ar acciones de Desarrollo Profesional o capacitaci\u00f3n teniendo en cuenta las demandas y necesidades relevadas y la capacidad instalada en el Instituto.<\/li>\n<li>Articular las ofertas de desarrollo profesional o capacitaci\u00f3n con las prioridades definidas desde la pol\u00edtica educativa para la jurisdicci\u00f3n.<\/li>\n<li>Seguir y evaluar las ofertas de desarrollo profesional y capacitaci\u00f3n.<\/li>\n<li>Promover y difundir las acciones a nivel institucional y comunitario.<\/li>\n<li>Generar un banco de datos y an\u00e1lisis estad\u00edsticos de las acciones realizadas a fin de optimizar los proyectos y los recursos capacitados.<\/li>\n<li>Organizar y coordinar ofertas de desarrollo profesional para la comunidad.<\/li>\n<li>Elevar informe anual de actividades ante el Consejo Directivo.<\/li>\n<\/ul>\n<\/div>\n","protected":false},"excerpt":{"rendered":"<p>DIRECCI\u00d3N DE EXTENSI\u00d3N Y FORMACI\u00d3N DOCENTE &nbsp; DIRECCI\u00d3N EXTENSI\u00d3N Lic. Fernando Flores Villegas Lic. en Ciencias de la educaci\u00f3n. La direcci\u00f3n extensi\u00f3n y formaci\u00f3n docente es una de las tres funciones misionales del Instituto Juan pascual Pringles, junto con la formaci\u00f3n y la investigaci\u00f3n. Seg\u00fan la norma reglamentaria, \u201cla extensi\u00f3n es una funci\u00f3n misional y &#8230; <a title=\"Direcci\u00f3n de Extensi\u00f3n\" class=\"read-more\" href=\"https:\/\/isjpp-slu.infd.edu.ar\/sitio\/extension\/\" aria-label=\"More on Direcci\u00f3n de Extensi\u00f3n\">[+]<\/a><\/p>\n","protected":false},"author":13,"featured_media":0,"parent":0,"menu_order":0,"comment_status":"closed","ping_status":"closed","template":"","meta":[],"acf":[],"_links":{"self":[{"href":"https:\/\/isjpp-slu.infd.edu.ar\/sitio\/wp-json\/wp\/v2\/pages\/819"}],"collection":[{"href":"https:\/\/isjpp-slu.infd.edu.ar\/sitio\/wp-json\/wp\/v2\/pages"}],"about":[{"href":"https:\/\/isjpp-slu.infd.edu.ar\/sitio\/wp-json\/wp\/v2\/types\/page"}],"author":[{"embeddable":true,"href":"https:\/\/isjpp-slu.infd.edu.ar\/sitio\/wp-json\/wp\/v2\/users\/13"}],"replies":[{"embeddable":true,"href":"https:\/\/isjpp-slu.infd.edu.ar\/sitio\/wp-json\/wp\/v2\/comments?post=819"}],"version-history":[{"count":4,"href":"https:\/\/isjpp-slu.infd.edu.ar\/sitio\/wp-json\/wp\/v2\/pages\/819\/revisions"}],"predecessor-version":[{"id":1295,"href":"https:\/\/isjpp-slu.infd.edu.ar\/sitio\/wp-json\/wp\/v2\/pages\/819\/revisions\/1295"}],"wp:attachment":[{"href":"https:\/\/isjpp-slu.infd.edu.ar\/sitio\/wp-json\/wp\/v2\/media?parent=819"}],"curies":[{"name":"wp","href":"https:\/\/api.w.org\/{rel}","templated":true}]}}