{"id":832,"date":"2020-08-19T08:55:46","date_gmt":"2020-08-19T11:55:46","guid":{"rendered":"https:\/\/isjpp-slu.infd.edu.ar\/sitio\/?page_id=832"},"modified":"2021-02-06T19:10:33","modified_gmt":"2021-02-06T22:10:33","slug":"profesorado-en-educacion-fisica","status":"publish","type":"page","link":"https:\/\/isjpp-slu.infd.edu.ar\/sitio\/catalogo\/profesorado-en-educacion-fisica\/","title":{"rendered":"Profesorado de Educaci\u00f3n F\u00edsica"},"content":{"rendered":"<p><img decoding=\"async\" loading=\"lazy\" src=\"https:\/\/isjpp-slu.infd.edu.ar\/sitio\/wp-content\/uploads\/2020\/10\/Banner-Profesorado-1000x182.png\" alt=\"\" width=\"1000\" height=\"182\" class=\"alignnone size-medium wp-image-984\" srcset=\"https:\/\/isjpp-slu.infd.edu.ar\/sitio\/wp-content\/uploads\/2020\/10\/Banner-Profesorado-1000x182.png 1000w, https:\/\/isjpp-slu.infd.edu.ar\/sitio\/wp-content\/uploads\/2020\/10\/Banner-Profesorado-768x140.png 768w, https:\/\/isjpp-slu.infd.edu.ar\/sitio\/wp-content\/uploads\/2020\/10\/Banner-Profesorado.png 1100w\" sizes=\"(max-width: 1000px) 100vw, 1000px\" \/><\/p>\n<h5>\n<pre>Acerca de la carrera<\/pre>\n<\/h5>\n<p>El <strong>Profesorado de Educaci\u00f3n F\u00edsica<\/strong> provee una formaci\u00f3n que vincula el desarrollo de la salud en relaci\u00f3n con el cuerpo y la mente. Se aprenden estrategias y metodolog\u00edas para la ense\u00f1anza del deporte, as\u00ed como tambi\u00e9n se reciben herramientas para el trabajo en el entrenamiento deportivo regulado en funci\u00f3n de las posibilidades y objetivos de cada alumno.<\/p>\n<p>Las materias transitan por un recorrido a lo largo de todos los deportes m\u00e1s destacados tanto a nivel nacional como internacional, mientras que tambi\u00e9n se accede a un conocimiento transversal de todas las tem\u00e1ticas vinculadas con la salud y el cuidado f\u00edsico, que resulta arm\u00f3nico y productivo.\u00a0Dado que se trata de un profesorado, otro sector del estudio acad\u00e9mico est\u00e1 destinado al <strong>conocimiento y adquisici\u00f3n de estrategias pedag\u00f3gicas<\/strong> que ser\u00e1n necesarias cuando se impartan las clases.<\/p>\n<p>El Profesorado de Educaci\u00f3n F\u00edsica est\u00e1 organizado tanto en procesos te\u00f3ricos como pr\u00e1cticos ya que se aprenden los reglamentos que regulan los deportes y se aprende la t\u00e9cnica para poder practicarlos. Los nuevos paradigmas en el campo de la corporeidad y motricidad humanas resignifican a la Educci\u00f3n F\u00edsica como la disciplina pedag\u00f3gica, que tiene por objeto intervenir intencional y sistem\u00e1ticamente en la constituci\u00f3n mental, corporal, y motriz de los sujetos, colaborando en sus procesos de formaci\u00f3n y desarrollo integral.<\/p>\n<div class=\"titulo\" style=\"line-height: 0px;\">\n<h5>\n<pre>Plan de estudios - Plan Resoluci\u00f3n 442 ME-2016- vigente a partir 2017<\/pre>\n<\/h5>\n<p>\n<\/div>\n<div style=\"width: 100%; height: 300px; display: flex; flex-direction: row; align-items: felx-start; justify-content: space-around;\">\n<div style=\"background-image: linear-gradient(120deg, #f6d365 0%, #fda085 100%); border-radius: 1rem; width: 420px; height: 220px; padding: 5px; margin-bottom: 5px; font-zise: 14px; border: 0px;\">\n<table style=\"border: 0px; line-height: 0px;\">\n<thead style=\"text-align: center; border-radius: 2rem; border: 0px;\">\n<tr style=\"border: 0px;\">\n<th style=\"border: 0px; text-align: center;\">Materias de 1er a\u00f1o<\/th>\n<th style=\"border: 0px; text-align: center;\">Per\u00edodo de cursado<\/th>\n<\/tr>\n<\/thead>\n<tbody style=\"border: 0px;\">\n<tr style=\"border: 0px;\">\n<td style=\"font-size: 14px; border-width: thin; border: 0px;\"><\/td>\n<td style=\"text-align: center; font-size: 14px; border: 0px;\"><\/td>\n<\/tr>\n<tr style=\"border: 0px;\">\n<td style=\"font-size: 14px; border: 0px;\">Alfabetizaci\u00f3n Digital<\/td>\n<td style=\"text-align: center; font-size: 14px; border: 0px;\">1\u00ba Cuatrimestre<\/td>\n<\/tr>\n<tr style=\"border: 0px;\">\n<td style=\"font-size: 14px; border: 0px;\">Alfabetizaci\u00f3n Acad\u00e9mica<\/td>\n<td style=\"text-align: center; font-size: 14px; border: 0px;\">1\u00ba Cuatrimestre<\/td>\n<\/tr>\n<tr style=\"border: 0px;\">\n<td style=\"font-size: 14px; border: 0px;\">Pedagog\u00eda<\/td>\n<td style=\"text-align: center; font-size: 14px; border: 0px;\">1\u00ba Cuatrimestre<\/td>\n<\/tr>\n<tr style=\"border: 0px;\">\n<td style=\"font-size: 14px; border: 0px;\">Gimnasia<\/td>\n<td style=\"text-align: center; font-size: 14px; border: 0px;\">1\u00ba Cuatrimestre<\/td>\n<\/tr>\n<tr style=\"border: 0px;\">\n<td style=\"font-size: 14px; border: 0px;\">Biolog\u00eda Humana<\/td>\n<td style=\"text-align: center; font-size: 14px; border: 0px;\">1\u00ba Cuatrimestre<\/td>\n<\/tr>\n<tr style=\"border: 0px;\">\n<td style=\"font-size: 14px; border: 0px;\">Anatom\u00eda Funcional<\/td>\n<td style=\"text-align: center; font-size: 14px; border: 0px;\">2\u00ba Cuatrimestre<\/td>\n<\/tr>\n<tr style=\"border: 0px;\">\n<td style=\"font-size: 14px; border: 0px;\">Pr\u00e1cticas Ludomotrices y Recreativas<\/td>\n<td style=\"text-align: center; font-size: 14px; border: 0px;\">2\u00ba Cuatrimestre<\/td>\n<\/tr>\n<tr>\n<td style=\"font-size: 14px; border: 0px;\">Expresi\u00f3n y comunicaci\u00f3n Motriz<\/td>\n<td style=\"text-align: center; font-size: 14px; border: 0px;\">2\u00ba Cuatrimestre<\/td>\n<\/tr>\n<tr style=\"border: 0px;\">\n<td style=\"font-size: 14px; border: 0px;\">Sociolog\u00eda de la Educaci\u00f3n<\/td>\n<td style=\"text-align: center; font-size: 14px; border: 0px;\">2\u00ba Cuatrimestre<\/td>\n<\/tr>\n<tr style=\"border: 0px;\">\n<td style=\"font-size: 14px; border: 0px;\">Did\u00e1ctica General<\/td>\n<td style=\"text-align: center; font-size: 14px; border: 0px;\">2\u00ba Cuatrimestre<\/td>\n<\/tr>\n<tr style=\"border: 0px;\">\n<td style=\"font-size: 14px; border: 0px;\">Pr\u00e1ctica Docente I<\/td>\n<td style=\"text-align: center; font-size: 14px; border: 0px;\">Anual<\/td>\n<\/tr>\n<\/tbody>\n<\/table>\n<\/div>\n<div class=\"materias 2a\u00f1o\" style=\"background-image: linear-gradient(120deg, #f6d365 0%, #fda085 100%); border-radius: 1rem; width: 600px; height: 250px; padding: 5px; margin-bottom: 5px;\">\n<table style=\"border: 0px; line-height: 0px;\">\n<thead style=\"text-align: center; border-radius: 2rem; border: 0px;\">\n<tr style=\"border: 0px;\">\n<th style=\"border: 0px; text-align: center;\">Materias de 2do a\u00f1o<\/th>\n<th style=\"border: 0px; text-align: center;\">Per\u00edodo de cursado<\/th>\n<\/tr>\n<\/thead>\n<tbody>\n<tr style=\"border: 0px;\">\n<td style=\"font-size: 14px; border: 0px;\"><\/td>\n<td style=\"border: 0px;\"><\/td>\n<\/tr>\n<tr style=\"border: 0px;\">\n<td style=\"font-size: 14px; border: 0px;\">Fisiolog\u00eda de la Motricidad<\/td>\n<td style=\"text-align: center; font-size: 14px; border: 0px;\">1\u00ba Cuatrimestre<\/td>\n<\/tr>\n<tr style=\"border: 0px;\">\n<td style=\"font-size: 14px; border: 0px;\">Sujeto de la Educaci\u00f3n F\u00edsica I<\/td>\n<td style=\"text-align: center; font-size: 14px; border: 0px;\">1\u00ba Cuatrimestre<\/td>\n<\/tr>\n<tr style=\"border: 0px;\">\n<td style=\"font-size: 14px; border: 0px;\">Filosof\u00eda de la Educaci\u00f3n<\/td>\n<td style=\"text-align: center; font-size: 14px; border: 0px;\">1\u00ba Cuatrimestre<\/td>\n<\/tr>\n<tr style=\"border: 0px;\">\n<td style=\"font-size: 14px; border: 0px;\">Psicolog\u00eda Educacional<\/td>\n<td style=\"text-align: center; font-size: 14px; border: 0px;\">1\u00ba Cuatrimestre<\/td>\n<\/tr>\n<tr style=\"border: 0px;\">\n<td style=\"font-size: 14px; border: 0px;\">Epistemolog\u00eda de la Educaci\u00f3n F\u00edsica<\/td>\n<td style=\"text-align: center; font-size: 14px; border: 0px;\">1\u00ba Cuatrimestre<\/td>\n<\/tr>\n<tr style=\"border: 0px;\">\n<td style=\"font-size: 14px; border: 0px;\">Historia y Pol\u00edtica de la Educaci\u00f3n Argentina<\/td>\n<td style=\"text-align: center; font-size: 14px; border: 0px;\">2\u00ba Cuatrimestre<\/td>\n<\/tr>\n<tr style=\"border: 0px;\">\n<td style=\"font-size: 14px; border: 0px;\">Formaci\u00f3n \u00c9tica y Ciudadana<\/td>\n<td style=\"text-align: center; font-size: 14px; border: 0px;\">2\u00ba Cuatrimestre<\/td>\n<\/tr>\n<tr style=\"border: 0px;\">\n<td style=\"font-size: 14px; border: 0px;\">Sujeto de la Educaci\u00f3n F\u00edsica II<\/td>\n<td style=\"text-align: center; font-size: 14px; border: 0px;\">2\u00ba Cuatrimestre<\/td>\n<\/tr>\n<tr style=\"border: 0px;\">\n<td style=\"font-size: 14px; border: 0px;\">Did\u00e1ctica de la Educaci\u00f3n F\u00edsica de Nivel Inicial y Primario<\/td>\n<td style=\"text-align: center; font-size: 14px; border: 0px;\">2\u00ba Cuatrimestre<\/td>\n<\/tr>\n<tr style=\"border: 0px;\">\n<td style=\"font-size: 14px; border: 0px;\">Gimnasia y su Ense\u00f1anza<\/td>\n<td style=\"text-align: center; font-size: 14px; border: 0px;\">2\u00ba Cuatrimestre<\/td>\n<\/tr>\n<tr style=\"border: 0px;\">\n<td style=\"font-size: 14px; border: 0px;\">Pr\u00e1cticas Deportivas Grupales y su Ense\u00f1anza I (basquet y voley)<\/td>\n<td style=\"text-align: center; font-size: 14px; border: 0px;\">Anual<\/td>\n<\/tr>\n<tr style=\"border: 0px;\">\n<td style=\"font-size: 14px; border: 0px;\">Pr\u00e1cticas Deportivas Individuales y su Ense\u00f1anza I (atletismo)<\/td>\n<td style=\"text-align: center; font-size: 14px; border: 0px;\">Anual<\/td>\n<\/tr>\n<tr style=\"border: 0px;\">\n<td style=\"font-size: 14px; border: 0px;\">Pr\u00e1ctica Docente II<\/td>\n<td style=\"text-align: center; font-size: 14px; border: 0px;\">Anual<\/td>\n<\/tr>\n<\/tbody>\n<\/table>\n<\/div>\n<\/div>\n<div style=\"height: 10px; clear: both;\"><\/div>\n<div style=\"width: 100%; height: 300px; display: flex; flex-direction: column; align-items: center; justify-content: center;\">\n<div class=\"materias 3a\u00f1o\" style=\"background-image: linear-gradient(120deg, #f6d365 0%, #fda085 100%); border-radius: 1rem; width: 602px; height: 195px; padding: 5px; margin-bottom: 5px;\">\n<table style=\"border: 0px; line-height: 0px;\">\n<thead style=\"text-align: center; border-radius: 2rem; border: 0px;\">\n<tr style=\"border: 0px;\">\n<th style=\"border: 0px; text-align: center;\">Materias de 3er a\u00f1o<\/th>\n<th style=\"border: 0px; text-align: center;\">Per\u00edodo de cursado<\/th>\n<\/tr>\n<\/thead>\n<tbody>\n<tr style=\"border: 0px;\">\n<td style=\"font-size: 14px; border: 0px;\"><\/td>\n<td style=\"border: 0px;\"><\/td>\n<\/tr>\n<tr style=\"border: 0px;\">\n<td style=\"font-size: 14px; border: 0px;\">Did\u00e1ctica de la Educaci\u00f3n F\u00edsica del Nivel Secundario<\/td>\n<td style=\"border: 0px;\"><\/td>\n<\/tr>\n<tr style=\"border: 0px;\">\n<td style=\"font-size: 14px; border: 0px;\">Actividades F\u00edsicas en Medios Naturales<\/td>\n<td style=\"text-align: center; font-size: 14px; border: 0px;\">1\u00ba Cuatrimestre<\/td>\n<\/tr>\n<tr style=\"border: 0px;\">\n<td style=\"font-size: 14px; border: 0px;\">Educaci\u00f3n Sexual Integral<\/td>\n<td style=\"text-align: center; font-size: 14px; border: 0px;\">1\u00ba Cuatrimestre<\/td>\n<\/tr>\n<tr style=\"border: 0px;\">\n<td style=\"font-size: 14px; border: 0px;\">Pr\u00e1ctica Nivel Inicial<\/td>\n<td style=\"text-align: center; font-size: 14px; border: 0px;\">1\u00ba Cuatrimestre<\/td>\n<\/tr>\n<tr style=\"border: 0px;\">\n<td style=\"font-size: 14px; border: 0px;\">Pr\u00e1ctica de Nivel Primario<\/td>\n<td style=\"text-align: center; font-size: 14px; border: 0px;\">1\u00ba Cuatrimestre<\/td>\n<\/tr>\n<tr style=\"border: 0px;\">\n<td style=\"font-size: 14px; border: 0px;\">Pr\u00e1cticas Deportivas Recreativas Regionales<\/td>\n<td style=\"text-align: center; font-size: 14px; border: 0px;\">2\u00ba Cuatrimestre<\/td>\n<\/tr>\n<tr style=\"border: 0px;\">\n<td style=\"font-size: 14px; border: 0px;\">Lenguajes Art\u00edsticos: M\u00fasica, teatro o Artes Visuales<\/td>\n<td style=\"text-align: center; font-size: 14px; border: 0px;\">2\u00ba Cuatrimestre<\/td>\n<\/tr>\n<tr style=\"border: 0px;\">\n<td style=\"font-size: 14px; border: 0px;\">Pr\u00e1cticas Deportivas Grupales y su Ense\u00f1anza II (Handball y Futbol)<\/td>\n<td style=\"text-align: center; font-size: 14px; border: 0px;\">Anual<\/td>\n<\/tr>\n<tr style=\"border: 0px;\">\n<td style=\"font-size: 14px; border: 0px;\">Pr\u00e1cticas Deportivas Individuales y su Ense\u00f1anza II (Nataci\u00f3n)<\/td>\n<td style=\"text-align: center; font-size: 14px; border: 0px;\">Anual<\/td>\n<\/tr>\n<tr style=\"border: 0px;\">\n<td style=\"font-size: 14px; border: 0px;\">Pr\u00e1ctica de La Ense\u00f1anza<\/td>\n<td style=\"text-align: center; font-size: 14px; border: 0px;\">Anual<\/td>\n<\/tr>\n<\/tbody>\n<\/table>\n<\/div>\n<div class=\"materias 4a\u00f1o\" style=\"background-image: linear-gradient(120deg, #f6d365 0%, #fda085 100%); border-radius: 1rem; width: 602px; height: 165px; padding: 5px; margin-bottom: 5px;\">\n<table style=\"border: 0px; line-height: 0px;\">\n<thead style=\"text-align: center; border-radius: 2rem; border: 0px;\">\n<tr style=\"border: 0px;\">\n<th style=\"border: 0px; text-align: center;\">Materias de 4to a\u00f1o<\/th>\n<th style=\"border: 0px; text-align: center; font-size: 14px;\">Per\u00edodo de cursado<\/th>\n<\/tr>\n<\/thead>\n<tbody>\n<tr style=\"border: 0px;\">\n<td style=\"font-size: 14px; border: 0px;\"><\/td>\n<td style=\"border: 0px;\"><\/td>\n<\/tr>\n<tr style=\"border: 0px;\">\n<td style=\"font-size: 14px; border: 0px;\">Administraci\u00f3n y Gesti\u00f3n en el \u00c1mbito de la Educaci\u00f3n F\u00edsica<\/td>\n<td style=\"text-align: center; font-size: 14px; border: 0px;\">1\u00ba Cuatrimestre<\/td>\n<\/tr>\n<tr style=\"border: 0px;\">\n<td style=\"font-size: 14px; border: 0px;\">Lengua Extranjera: Ingles o portugu\u00e9s<\/td>\n<td style=\"text-align: center; font-size: 14px; border: 0px;\">1\u00ba Cuatrimestre<\/td>\n<\/tr>\n<tr style=\"border: 0px;\">\n<td style=\"font-size: 14px; border: 0px;\">Pr\u00e1ctica en \u00c1mbito No Formal<\/td>\n<td style=\"text-align: center; font-size: 14px; border: 0px;\">1\u00ba Cuatrimestre<\/td>\n<\/tr>\n<tr style=\"border: 0px;\">\n<td style=\"font-size: 14px; border: 0px;\">Pr\u00e1ctica en Nivel Secundario<\/td>\n<td style=\"text-align: center; font-size: 14px; border: 0px;\">1\u00ba Cuatrimestre<\/td>\n<\/tr>\n<tr style=\"border: 0px;\">\n<td style=\"font-size: 14px; border: 0px;\">Actividades F\u00edsicas para la Salud<\/td>\n<td style=\"text-align: center; font-size: 14px; border: 0px;\">2\u00ba Cuatrimestre<\/td>\n<\/tr>\n<tr style=\"border: 0px;\">\n<td style=\"font-size: 14px; border: 0px;\">Entrenamiento Deportivo<\/td>\n<td style=\"text-align: center; font-size: 14px; border: 0px;\">Anual<\/td>\n<\/tr>\n<tr style=\"border: 0px;\">\n<td style=\"font-size: 14px; border: 0px;\">Pr\u00e1cticas Deportivas Grupales y su Ense\u00f1anza II (Handball y Futbol)<\/td>\n<td style=\"text-align: center; font-size: 14px; border: 0px;\">Anual<\/td>\n<\/tr>\n<tr style=\"border: 0px;\">\n<td style=\"font-size: 14px; border: 0px;\">Residencia Pedag\u00f3gica<\/td>\n<td style=\"text-align: center; font-size: 14px; border: 0px;\">Anual<\/td>\n<\/tr>\n<\/tbody>\n<\/table>\n<\/div>\n<\/div>\n<div class=\"titulo\" style=\" line-height: 0px;\">\n<h5>\n<pre><strong>Ciclo Licenciatura en Educaci\u00f3n F\u00edsica - MODALIDAD DISTANCIA<\/strong><\/pre>\n<\/h5><\/div>\n<div class=\"contenedor-lic\" style=\" padding: 5px; width: 100%; display: flex; flex-direction: row; flex-wrap: wrap; align-items: center; justify-content:space-around; margin: 5px; 5px; \" >\n<div class=\"Lic-1_cuatrimestre\" style=\"background-image: linear-gradient(to top, #ff0844 0%, #ffb199 100%); border-radius: 1rem; width: 320px; height: 100px;  text-align: center; padding:5px; \">\n<table style=\"  border: 0px; line-height: 0px; color: white; \">\n<thead style=\"text-align: center; border-radius: 2rem; \" >\n<tr style=\"border:0px; \">\n<th style=\"border:0px; text-align: center; font-size: 14px;  \">Materias del 1er Cuatrimestre<\/th>\n<\/tr>\n<\/thead style=\"border:0px; text-align: center; \">\n<tr style=\"border:0px; \">\n<td style=\" border:0px;\"><\/td>\n<\/tr>\n<tr style=\"border:0px; \">\n<td style=\" border:0px; text-align: center; font-size: 14px; \">Teor\u00eda de la Cultura F\u00edsica<\/td>\n<\/tr>\n<tr style=\"border:0px; \">\n<td style=\"border:0px; text-align: center; font-size: 14px; \">Administraci\u00f3n de la Actividad F\u00edsica y Deportiva<\/td>\n<\/tr>\n<tr style=\"border:0px; \">\n<td style=\"border:0px; text-align: center;  font-size: 14px;\">Gesti\u00f3n del curr\u00edculo<\/td>\n<\/tr>\n<\/table><\/div>\n<div class=\"Lic-1_cuatrimestre\" style=\"background-image: linear-gradient(to top, #ff0844 0%, #ffb199 100%); border-radius: 1rem; width: 250px; height: 100px;  padding: 5px; margin-bottom: 5px; text-align: center; \">\n<table style=\"align-content: center; width: 100%; border: 0px; line-height: 0px; color: white;  \">\n<thead style=\"text-align: center; border-radius: 2rem; \" >\n<tr style=\"border:0px; \">\n<th style=\"border:0px; text-align: center; font-size: 14px; \">Materias del 2do Cuatrimestre<\/th>\n<\/tr>\n<\/thead>\n<tr style=\"border:0px; \">\n<td style=\" border:0px;\"><\/td>\n<\/tr>\n<tr style=\"border:0px; \">\n<td style=\"font-size: 14px; text-align: center; border:0px;\">Metodolog\u00eda de la Investigaci\u00f3n<\/td>\n<\/tr>\n<tr style=\"border:0px; \">\n<td style=\"font-size: 14px; text-align: center; border:0px;\">Deporte Recreativo <\/td>\n<\/tr>\n<tr style=\"border:0px; \">\n<td style=\"font-size: 14px; text-align: center; border:0px;\">Gesti\u00f3n del curr\u00edculo<\/td>\n<\/tr>\n<\/table><\/div>\n<div class=\"Lic-3_cuatrimestre\" style=\"background-image: linear-gradient(to top, #ff0844 0%, #ffb199 100%); border-radius: 1rem; width: 340px; height: 140px;  padding: 5px; margin-bottom: 5px; text-align: center; \">\n<table  style=\"  border: 0px; line-height: 0px; color: white;\" >\n<thead style=\"text-align: center; border-radius: 2rem; \" >\n<tr style=\"border:0px; \">\n<th style=\"border:0px; text-align: center; font-size: 14px; \">Materias del. 3er Cuatrimestre<\/th>\n<\/tr>\n<\/thead style=\"border:0px; \">\n<tr style=\"border:0px; \">\n<td style=\" border:0px;\"><\/td>\n<\/tr>\n<tr style=\"border:0px; \">\n<td style=\"font-size: 14px; border:0px; text-align: center;\">Legislaci\u00f3n de la Actividad F\u00edsica y el Deporte<\/td>\n<\/tr>\n<tr style=\"border:0px; \">\n<td style=\"font-size: 14px; border:0px; text-align: center;\">Proyecto de Deporte Recreativo<\/td>\n<\/tr>\n<tr style=\"border:0px; \">\n<td style=\"font-size: 14px; border:0px; text-align: center;\">Trabajo de Investigaci\u00f3n<\/td>\n<\/tr>\n<tr style=\"border:0px; \">\n<td style=\"font-size: 14px; border:0px; text-align: center;\">Actividades Recreativas en la Naturaleza<\/td>\n<\/tr>\n<tr style=\"border:0px; \">\n<td style=\"font-size: 14px; border:0px; text-align: center;\">Proyectos de Eventos Deportivos en la Naturaleza<\/td>\n<\/tr>\n<\/table><\/div>\n<\/p><\/div>\n<div class=\"freetextarea\">\n<div><span style=\"font-size: 16px;\"><strong>Requisitos para la incripci\u00f3n<\/strong><\/span><\/div>\n<ul>\n<li><span style=\"color: #000000;\">Ficha de inscripci\u00f3n completa (letra imprenta, clara) &#8211; <\/span><a href=\"https:\/\/isjpp-slu.infd.edu.ar\/sitio\/wp-content\/uploads\/2021\/02\/1062181-FICHA_DE_INSCRIPCION.pdf\">Descargue aqu\u00ed la Ficha<\/a><\/li>\n<li><span style=\"color: #000000;\">Fotocopia legalizada del anal\u00edtico de nivel Medio y\/o Polimodal<\/span><\/li>\n<li><span style=\"color: #000000;\">Fotocopia de DNI (frente y reverso)\u00a0<\/span><\/li>\n<li><span style=\"color: #000000;\">Fotocopia de acta de Nacimiento<\/span><\/li>\n<li><span style=\"color: #000000;\">4 fotos carnet 4&#215;4<\/span><\/li>\n<li><span style=\"color: #000000;\">Certificado de buena conducta\u00a0<\/span><\/li>\n<li><span style=\"color: #000000;\">Ficha de Apto Psico-f\u00edsico firmada por un profesional de la salud &#8211; <\/span><a href=\"https:\/\/isjpp-slu.infd.edu.ar\/sitio\/wp-content\/uploads\/2021\/02\/FICHA-MEDICA.pdf\">Descargue aqu\u00ed la Ficha m\u00e9dica<\/a><\/li>\n<li><span style=\"color: #000000;\">Los mayores de 25 a\u00f1os que no hayan finalizado el nivel Medio o Polimodal podr\u00e1n acogerse al <a href=\"http:\/\/servicios.infoleg.gob.ar\/infolegInternet\/anexos\/25000-29999\/25394\/texact.htm#:~:text=ARTICULO%207%C2%BA%20%E2%80%94%20Todas%20las%20personas,el%20nivel%20de%20educaci%C3%B3n%20superior.&#038;text=por%20la%20expresi%C3%B3n%20%22%E2%80%A6-,institutos%20de%20educaci%C3%B3n%20superior%22%2C%20por%20art.,28%2F12%2F2006).\" rel=\"noopener\" target=\"_blank\">articulo 7 de la ley 24.521<\/a>\u00a0<\/span><\/li>\n<\/ul>\n<\/div>\n","protected":false},"excerpt":{"rendered":"<p>Acerca de la carrera El Profesorado de Educaci\u00f3n F\u00edsica provee una formaci\u00f3n que vincula el desarrollo de la salud en relaci\u00f3n con el cuerpo y la mente. Se aprenden estrategias y metodolog\u00edas para la ense\u00f1anza del deporte, as\u00ed como tambi\u00e9n se reciben herramientas para el trabajo en el entrenamiento deportivo regulado en funci\u00f3n de las &#8230; <a title=\"Profesorado de Educaci\u00f3n F\u00edsica\" class=\"read-more\" href=\"https:\/\/isjpp-slu.infd.edu.ar\/sitio\/catalogo\/profesorado-en-educacion-fisica\/\" aria-label=\"More on Profesorado de Educaci\u00f3n F\u00edsica\">[+]<\/a><\/p>\n","protected":false},"author":13,"featured_media":0,"parent":644,"menu_order":0,"comment_status":"closed","ping_status":"closed","template":"","meta":[],"acf":[],"_links":{"self":[{"href":"https:\/\/isjpp-slu.infd.edu.ar\/sitio\/wp-json\/wp\/v2\/pages\/832"}],"collection":[{"href":"https:\/\/isjpp-slu.infd.edu.ar\/sitio\/wp-json\/wp\/v2\/pages"}],"about":[{"href":"https:\/\/isjpp-slu.infd.edu.ar\/sitio\/wp-json\/wp\/v2\/types\/page"}],"author":[{"embeddable":true,"href":"https:\/\/isjpp-slu.infd.edu.ar\/sitio\/wp-json\/wp\/v2\/users\/13"}],"replies":[{"embeddable":true,"href":"https:\/\/isjpp-slu.infd.edu.ar\/sitio\/wp-json\/wp\/v2\/comments?post=832"}],"version-history":[{"count":32,"href":"https:\/\/isjpp-slu.infd.edu.ar\/sitio\/wp-json\/wp\/v2\/pages\/832\/revisions"}],"predecessor-version":[{"id":1166,"href":"https:\/\/isjpp-slu.infd.edu.ar\/sitio\/wp-json\/wp\/v2\/pages\/832\/revisions\/1166"}],"up":[{"embeddable":true,"href":"https:\/\/isjpp-slu.infd.edu.ar\/sitio\/wp-json\/wp\/v2\/pages\/644"}],"wp:attachment":[{"href":"https:\/\/isjpp-slu.infd.edu.ar\/sitio\/wp-json\/wp\/v2\/media?parent=832"}],"curies":[{"name":"wp","href":"https:\/\/api.w.org\/{rel}","templated":true}]}}