{"id":836,"date":"2020-08-19T08:56:55","date_gmt":"2020-08-19T11:56:55","guid":{"rendered":"https:\/\/isjpp-slu.infd.edu.ar\/sitio\/?page_id=836"},"modified":"2021-02-06T21:38:13","modified_gmt":"2021-02-07T00:38:13","slug":"lic-en-educacion-fisica","status":"publish","type":"page","link":"https:\/\/isjpp-slu.infd.edu.ar\/sitio\/catalogo\/lic-en-educacion-fisica\/","title":{"rendered":"Lic. en Educaci\u00f3n F\u00edsica"},"content":{"rendered":"<p><img decoding=\"async\" loading=\"lazy\" class=\"size-medium wp-image-983 aligncenter\" src=\"https:\/\/isjpp-slu.infd.edu.ar\/sitio\/wp-content\/uploads\/2020\/10\/Banner-Licenciatura-1000x182.png\" alt=\"\" width=\"1000\" height=\"182\" srcset=\"https:\/\/isjpp-slu.infd.edu.ar\/sitio\/wp-content\/uploads\/2020\/10\/Banner-Licenciatura-1000x182.png 1000w, https:\/\/isjpp-slu.infd.edu.ar\/sitio\/wp-content\/uploads\/2020\/10\/Banner-Licenciatura-768x140.png 768w, https:\/\/isjpp-slu.infd.edu.ar\/sitio\/wp-content\/uploads\/2020\/10\/Banner-Licenciatura.png 1100w\" sizes=\"(max-width: 1000px) 100vw, 1000px\" \/><\/p>\n<pre>Acerca de la carrera<\/pre>\n<h5>Licenciado en Educaci\u00f3n F\u00edsica con Orientaci\u00f3n en Fisiolog\u00eda del Trabajo F\u00edsico y Rendimiento Humano<\/h5>\n<div style=\"text-align: justify;\">La carrera, Licenciatura de Educaci\u00f3n F\u00edsica, se dicta en nuestra instituci\u00f3n, a trav\u00e9s de un convenio con la <strong>UNIVERSIDAD DEL ACONCAGUA &#8211; Facultad de Ciencias M\u00e9dicas<\/strong> de la ciudad de Mendoza.<\/div>\n<p><img decoding=\"async\" loading=\"lazy\" class=\"alignnone size-full wp-image-1174\" style=\"background-color: #004c93; display: block; margin: 0 auto;\" src=\"https:\/\/isjpp-slu.infd.edu.ar\/sitio\/wp-content\/uploads\/2021\/02\/desktop-log-fcm.png\" alt=\"\" width=\"448\" height=\"100\" srcset=\"https:\/\/isjpp-slu.infd.edu.ar\/sitio\/wp-content\/uploads\/2021\/02\/desktop-log-fcm.png 896w, https:\/\/isjpp-slu.infd.edu.ar\/sitio\/wp-content\/uploads\/2021\/02\/desktop-log-fcm-768x171.png 768w\" sizes=\"(max-width: 448px) 100vw, 448px\" \/><\/p>\n<div style=\"text-align: justify;\">Esta Carrera busca formar profesionales de la Educaci\u00f3n F\u00edsica, que dentro de un marco \u00e9tico y con una formaci\u00f3n human\u00edstica, posean conocimientos cient\u00edficos, teniendo en cuenta el concepto actual de la Educaci\u00f3n F\u00edsica en Rendimiento.<\/div>\n<div style=\"text-align: justify;\">El Licenciado en \u00a0Educaci\u00f3n F\u00edsica ha sido capacitado dentro de su campo para evaluar, planificar, conducir y controlar un proceso de adaptaci\u00f3n biol\u00f3gica en forma eficiente. Puede:<\/div>\n<div class=\"p1\" style=\"text-align: justify;\"><\/div>\n<div>\n<ul>\n<li>Planificar y organizar servicios e instituciones dedicados a la recuperaci\u00f3n y reeducaci\u00f3n f\u00edsica.<\/li>\n<li>Asesorar acerca del desarrollo de la formaci\u00f3n f\u00edsico-motriz en funci\u00f3n de la actividad f\u00edsica, deportiva y recreativa.<\/li>\n<li>Participar en la elaboraci\u00f3n de pol\u00edticas y normas relativas a la promoci\u00f3n e implementaci\u00f3n de actividades f\u00edsicas, deportivas y recreativas.<\/li>\n<li>Participar en la elaboraci\u00f3n de planes, programas y proyectos educativos, de promoci\u00f3n y prevenci\u00f3n de la salud.<\/li>\n<li>Actuar integrando equipos interdisciplinarios de Salud.<\/li>\n<\/ul>\n<\/div>\n<pre> Plan de estudio<\/pre>\n<div style=\"display: flex; flex-direction: row; color: white; flex-wrap: wrap; align-items: flex-start; justify-content: space-around; width: 550px padding: 5px;\">\n<div style=\"background-image: linear-gradient(to top, #ff0844 0%, #ffb199 100%); border-radius: 1em; padding: 5px; width: 260px;\">\n<p style=\"text-align: center;\"><strong><span style=\"font-size: 13pt;\">PRIMER CUATRIMESTRE <\/span><\/strong><\/p>\n<ul>\n<li><span style=\"font-size: 14px;\">Fisiolog\u00eda del Trabajo F\u00edsico I<\/span><\/li>\n<li><span style=\"font-size: 14px;\">Psicolog\u00eda de la Actividad F\u00edsica y Deportiva<\/span><\/li>\n<li><span style=\"font-size: 14px;\">Bioqu\u00edmica <\/span><\/li>\n<li><span style=\"font-size: 14px;\">Estad\u00edstica I<\/span><\/li>\n<li><span style=\"font-size: 14px;\">Biomec\u00e1nica I<\/span><\/li>\n<\/ul>\n<\/div>\n<div style=\"background-image: linear-gradient(to top, #ff0844 0%, #ffb199 100%); border-radius: 1em; padding: 5px; width: 260px;\">\n<p style=\"text-align: center;\"><strong><span style=\"font-size: 13pt;\">SEGUNDO CUATRIMESTRE<\/span><\/strong><\/p>\n<ul>\n<li><span style=\"font-size: 14px;\">Fisiolog\u00eda del Trabajo F\u00edsico II<\/span><\/li>\n<li><span style=\"font-size: 14px;\">Nutrici\u00f3n y Energ\u00e9tica de la Actividad F\u00edsica y Deportiva<\/span><\/li>\n<li><span style=\"font-size: 14px;\">Evaluaci\u00f3n Funcional de la Actividad F\u00edsica y Deportiva<\/span><\/li>\n<li><span style=\"font-size: 14px;\">Estad\u00edstica II<\/span><\/li>\n<li><span style=\"font-size: 14px;\">Biomec\u00e1nica II <\/span><\/li>\n<\/ul>\n<\/div>\n<div style=\"background-image: linear-gradient(to top, #ff0844 0%, #ffb199 100%); border-radius: 1em; padding: 5px; width: 260px;\">\n<p style=\"text-align: center;\"><strong><span style=\"font-size: 13pt;\">TERCER CUATRIMESTRE<\/span><\/strong><\/p>\n<ul>\n<li><span style=\"font-size: 14px;\">Principios del Entrenamiento y Estructuraci\u00f3n de aa Planificaci\u00f3n<\/span><\/li>\n<li><span style=\"font-size: 14px;\">Metodolog\u00eda de la Investigaci\u00f3n<\/span><\/li>\n<li><span style=\"font-size: 14px;\">Seminario de Control Funcional en Campo y Laboratorio<\/span><\/li>\n<li><span style=\"font-size: 14px;\">Bio\u00e9tica<\/span><\/li>\n<\/ul>\n<\/div>\n<div style=\"background-image: linear-gradient(to top, #ff0844 0%, #ffb199 100%); border-radius: 1em; padding: 5px; width: 260px;\">\n<p style=\"text-align: center;\"><strong><span style=\"font-size: 13pt;\">CUARTO CUATRIMESTRE<\/span><\/strong><\/p>\n<ul>\n<li><span style=\"font-size: 14px;\">Seminario de Planeamiento<\/span><\/li>\n<li><span style=\"font-size: 14px;\">Seminario de Dise\u00f1o del Trabajo Final<\/span><\/li>\n<li><span style=\"font-size: 14px;\">Trabajo Final<\/span><\/li>\n<li><span style=\"font-size: 14px;\">Ingl\u00e9s<\/span><\/li>\n<\/ul>\n<\/div>\n<\/div>\n<div>\n<div class=\"freetextarea\">\n<div>\n                  <span style=\"font-size:16px;\"><strong>Requisitos de inscripci\u00f3n a la Licenciatura<\/strong><\/span>\n           <\/div>\n<ul>\n<li>Poseer el T\u00edtulo de Profesor de Educaci\u00f3n F\u00edsica.<\/li>\n<li>Fotocopia Legalizada del Anal\u00edtico.<\/li>\n<li>Fotocopia de DNI (frente y reverso)\u00a0<\/li>\n<li>4 fotos Canet 4&#215;4<\/li>\n<li>Ficha de Apto Psico-f\u00edsico firmada por un profesional de la salud &#8211; <a href=\"https:\/\/isjpp-slu.infd.edu.ar\/sitio\/wp-content\/uploads\/2021\/02\/FICHA-MEDICA.pdf\">Descargue aqu\u00ed  la Ficha m\u00e9dica<\/a><\/li>\n<li>Fotocopia Carnet de vacunas.\u200b\u200b\u200b\u200b\u200b\u200b\u200b<\/li>\n<\/ul><\/div>\n<\/div>\n","protected":false},"excerpt":{"rendered":"<p>Acerca de la carrera Licenciado en Educaci\u00f3n F\u00edsica con Orientaci\u00f3n en Fisiolog\u00eda del Trabajo F\u00edsico y Rendimiento Humano La carrera, Licenciatura de Educaci\u00f3n F\u00edsica, se dicta en nuestra instituci\u00f3n, a trav\u00e9s de un convenio con la UNIVERSIDAD DEL ACONCAGUA &#8211; Facultad de Ciencias M\u00e9dicas de la ciudad de Mendoza. Esta Carrera busca formar profesionales de &#8230; <a title=\"Lic. en Educaci\u00f3n F\u00edsica\" class=\"read-more\" href=\"https:\/\/isjpp-slu.infd.edu.ar\/sitio\/catalogo\/lic-en-educacion-fisica\/\" aria-label=\"More on Lic. en Educaci\u00f3n F\u00edsica\">[+]<\/a><\/p>\n","protected":false},"author":13,"featured_media":0,"parent":644,"menu_order":0,"comment_status":"closed","ping_status":"closed","template":"","meta":[],"acf":[],"_links":{"self":[{"href":"https:\/\/isjpp-slu.infd.edu.ar\/sitio\/wp-json\/wp\/v2\/pages\/836"}],"collection":[{"href":"https:\/\/isjpp-slu.infd.edu.ar\/sitio\/wp-json\/wp\/v2\/pages"}],"about":[{"href":"https:\/\/isjpp-slu.infd.edu.ar\/sitio\/wp-json\/wp\/v2\/types\/page"}],"author":[{"embeddable":true,"href":"https:\/\/isjpp-slu.infd.edu.ar\/sitio\/wp-json\/wp\/v2\/users\/13"}],"replies":[{"embeddable":true,"href":"https:\/\/isjpp-slu.infd.edu.ar\/sitio\/wp-json\/wp\/v2\/comments?post=836"}],"version-history":[{"count":9,"href":"https:\/\/isjpp-slu.infd.edu.ar\/sitio\/wp-json\/wp\/v2\/pages\/836\/revisions"}],"predecessor-version":[{"id":1172,"href":"https:\/\/isjpp-slu.infd.edu.ar\/sitio\/wp-json\/wp\/v2\/pages\/836\/revisions\/1172"}],"up":[{"embeddable":true,"href":"https:\/\/isjpp-slu.infd.edu.ar\/sitio\/wp-json\/wp\/v2\/pages\/644"}],"wp:attachment":[{"href":"https:\/\/isjpp-slu.infd.edu.ar\/sitio\/wp-json\/wp\/v2\/media?parent=836"}],"curies":[{"name":"wp","href":"https:\/\/api.w.org\/{rel}","templated":true}]}}